{"id":438,"date":"2012-07-31T22:17:23","date_gmt":"2012-07-31T20:17:23","guid":{"rendered":"http:\/\/localhost\/wordpress\/?page_id=438"},"modified":"2026-02-18T19:09:08","modified_gmt":"2026-02-18T17:09:08","slug":"start-2","status":"publish","type":"page","link":"https:\/\/www.museum-lassaner-muehle.de\/","title":{"rendered":""},"content":{"rendered":"<table style=\"height: 299px; border-collapse: collapse;\" border=\"0\" width=\"1073\" cellspacing=\"0\" cellpadding=\"0\">\n<tbody>\n<tr>\n<td width=\"20%\"><a href=\"https:\/\/www.museum-lassaner-muehle.de\/wp-content\/uploads\/2024\/01\/IG.png\"><img fetchpriority=\"high\" decoding=\"async\" class=\"alignnone size-full wp-image-2515\" src=\"https:\/\/www.museum-lassaner-muehle.de\/wp-content\/uploads\/2024\/01\/IG.png\" alt=\"\" width=\"295\" height=\"192\" \/><\/a><\/p>\n<p style=\"text-align: center;\"><strong><a href=\"https:\/\/www.museum-lassaner-muehle.de\/wp-content\/uploads\/2024\/07\/Muehlenverein.png\"><img decoding=\"async\" class=\"alignnone wp-image-2581\" src=\"https:\/\/www.museum-lassaner-muehle.de\/wp-content\/uploads\/2024\/07\/Muehlenverein.png\" alt=\"\" width=\"263\" height=\"75\" srcset=\"https:\/\/museum-lassaner-muehle.de\/wp-content\/uploads\/2024\/07\/Muehlenverein.png 489w, https:\/\/museum-lassaner-muehle.de\/wp-content\/uploads\/2024\/07\/Muehlenverein-300x86.png 300w\" sizes=\"(max-width: 263px) 100vw, 263px\" \/><\/a><\/strong><\/p>\n<p style=\"text-align: center;\">\n<\/td>\n<td width=\"50%\">\n<p style=\"margin: 12px 0px 12px 6px; padding: 0px; text-align: left;\"><span style=\"font-size: 14pt;\"><strong>Herzlich willkommen auf der Webseite der Lassaner M\u00fchle<\/strong><\/span><\/p>\n<p style=\"margin: 12px 0px 12px 6px; padding: 0px; text-align: left;\"><span style=\"font-size: 12pt;\">Dieses Haus existiert seit dem 9.Juli 1988 als Museum f\u00fcr die Stadt Lassan und ihre Besucher. Das Geb\u00e4ude selbst ist bereits seit dem 15.Jahrhundert hier an dieser Stelle als Wasserm\u00fchle bezeugt und war in dieser Eigenschaft bis 1930 in Betrieb. Danach wurde sie umgestellt auf Dieselmotorantrieb und einige Jahre sp\u00e4ter trieb sie ein E-Motor an.\u00a0Bis 1976 hat diese M\u00fchle ihren Dienst getan, und zwar f\u00fcr die damalige LPG, und ab diesem Zeitpunkt stand dann dieses Haus sechs Jahre lang fast leer. Es waren nur noch Abstellr\u00e4ume f\u00fcr die Stadt in diesem Geb\u00e4ude.1982 haben sich dann interessierte B\u00fcrger Lassans zusammengefunden, um hieraus in 6-j\u00e4hriger Baut\u00e4tigkeit gemeinsam mit sehr vielen Lassaner Betrieben, mit Einzelpersonen und mit der finanziellen Unterst\u00fctzung des damaligen Rates des Kreises hier eine museale Einrichtung zu schaffen.<\/span><\/p>\n<p style=\"margin: 12px 0px 12px 6px; padding: 0px; text-align: center;\"><strong><span style=\"font-size: 16px;\">Wir freuen uns auf Ihren Besuch.<\/span><\/strong><\/p>\n<p style=\"text-align: center;\"><strong>Eintrittspreise:<\/strong><\/p>\n<p style=\"text-align: center;\"><strong>Kinder bis 14 Jahre und Senioren\u00a02,00 \u20ac, Erwachsene 4,00 \u20ac<\/strong><\/p>\n<\/td>\n<\/tr>\n<\/tbody>\n<\/table>\n","protected":false},"excerpt":{"rendered":"<p>Herzlich willkommen auf der Webseite der Lassaner M\u00fchle Dieses Haus existiert seit dem 9.Juli 1988 als Museum f\u00fcr die Stadt [&hellip;]<\/p>\n","protected":false},"author":2,"featured_media":0,"parent":0,"menu_order":10,"comment_status":"closed","ping_status":"closed","template":"","meta":{"site-sidebar-layout":"default","site-content-layout":"","ast-site-content-layout":"default","site-content-style":"default","site-sidebar-style":"default","ast-global-header-display":"","ast-banner-title-visibility":"","ast-main-header-display":"","ast-hfb-above-header-display":"","ast-hfb-below-header-display":"","ast-hfb-mobile-header-display":"","site-post-title":"","ast-breadcrumbs-content":"","ast-featured-img":"","footer-sml-layout":"","ast-disable-related-posts":"","theme-transparent-header-meta":"default","adv-header-id-meta":"","stick-header-meta":"","header-above-stick-meta":"","header-main-stick-meta":"","header-below-stick-meta":"","astra-migrate-meta-layouts":"set","ast-page-background-enabled":"default","ast-page-background-meta":{"desktop":{"background-color":"var(--ast-global-color-5)","background-image":"","background-repeat":"repeat","background-position":"center center","background-size":"auto","background-attachment":"scroll","background-type":"","background-media":"","overlay-type":"","overlay-color":"","overlay-opacity":"","overlay-gradient":""},"tablet":{"background-color":"","background-image":"","background-repeat":"repeat","background-position":"center center","background-size":"auto","background-attachment":"scroll","background-type":"","background-media":"","overlay-type":"","overlay-color":"","overlay-opacity":"","overlay-gradient":""},"mobile":{"background-color":"","background-image":"","background-repeat":"repeat","background-position":"center center","background-size":"auto","background-attachment":"scroll","background-type":"","background-media":"","overlay-type":"","overlay-color":"","overlay-opacity":"","overlay-gradient":""}},"ast-content-background-meta":{"desktop":{"background-color":"var(--ast-global-color-4)","background-image":"","background-repeat":"repeat","background-position":"center center","background-size":"auto","background-attachment":"scroll","background-type":"","background-media":"","overlay-type":"","overlay-color":"","overlay-opacity":"","overlay-gradient":""},"tablet":{"background-color":"var(--ast-global-color-4)","background-image":"","background-repeat":"repeat","background-position":"center center","background-size":"auto","background-attachment":"scroll","background-type":"","background-media":"","overlay-type":"","overlay-color":"","overlay-opacity":"","overlay-gradient":""},"mobile":{"background-color":"var(--ast-global-color-4)","background-image":"","background-repeat":"repeat","background-position":"center center","background-size":"auto","background-attachment":"scroll","background-type":"","background-media":"","overlay-type":"","overlay-color":"","overlay-opacity":"","overlay-gradient":""}},"footnotes":""},"class_list":["post-438","page","type-page","status-publish","hentry"],"_links":{"self":[{"href":"https:\/\/www.museum-lassaner-muehle.de\/index.php?rest_route=\/wp\/v2\/pages\/438","targetHints":{"allow":["GET"]}}],"collection":[{"href":"https:\/\/www.museum-lassaner-muehle.de\/index.php?rest_route=\/wp\/v2\/pages"}],"about":[{"href":"https:\/\/www.museum-lassaner-muehle.de\/index.php?rest_route=\/wp\/v2\/types\/page"}],"author":[{"embeddable":true,"href":"https:\/\/www.museum-lassaner-muehle.de\/index.php?rest_route=\/wp\/v2\/users\/2"}],"replies":[{"embeddable":true,"href":"https:\/\/www.museum-lassaner-muehle.de\/index.php?rest_route=%2Fwp%2Fv2%2Fcomments&post=438"}],"version-history":[{"count":11,"href":"https:\/\/www.museum-lassaner-muehle.de\/index.php?rest_route=\/wp\/v2\/pages\/438\/revisions"}],"predecessor-version":[{"id":2652,"href":"https:\/\/www.museum-lassaner-muehle.de\/index.php?rest_route=\/wp\/v2\/pages\/438\/revisions\/2652"}],"wp:attachment":[{"href":"https:\/\/www.museum-lassaner-muehle.de\/index.php?rest_route=%2Fwp%2Fv2%2Fmedia&parent=438"}],"curies":[{"name":"wp","href":"https:\/\/api.w.org\/{rel}","templated":true}]}}